{"id":30,"date":"2023-10-19T12:37:33","date_gmt":"2023-10-19T10:37:33","guid":{"rendered":"https:\/\/psy-acp-rennes.fr\/?page_id=30"},"modified":"2026-01-24T18:23:55","modified_gmt":"2026-01-24T17:23:55","slug":"accueil-josselin-batard-psychotherapie-humaniste-a-rennes","status":"publish","type":"page","link":"https:\/\/psy-acp-rennes.fr\/","title":{"rendered":"Psychoth\u00e9rapie \u00e0 Rennes"},"content":{"rendered":"\n<h1 class=\"wp-block-heading alignwide\" style=\"margin-bottom:var(--wp--preset--spacing--60)\">Vous chercher un psychoth\u00e9rapeute \u00e0 Rennes ? Bonjour et bienvenue. Je m&#8217;appelle Josselin Batard et je vous propose de vous accompagner en psychoth\u00e9rapie.<\/h1>\n\n\n\n<p>Je propose un accompagnement en <strong>psychoth\u00e9rapie centr\u00e9e sur la personne (ACP)<\/strong>, dans un cadre confidentiel, bienveillant et respectueux de votre personne.<br>J\u2019accompagne des adultes et adolescents qui traversent une p\u00e9riode de mal-\u00eatre, de questionnement personnel, \u00e9motionnel ou relationnel, et qui souhaitent \u00eatre aid\u00e9s par un <strong>psy \u00e0 Rennes<\/strong> form\u00e9 \u00e0 une approche humaniste. Je vous re\u00e7ois dans mon cabinet de Rennes Centre et en t\u00e9l\u00e9consultation.<\/p>\n\n\n\n<div class=\"wp-block-group is-content-justification-left is-layout-constrained wp-container-core-group-is-layout-32708654 wp-block-group-is-layout-constrained\" style=\"padding-bottom:var(--wp--preset--spacing--70)\">\n<div class=\"wp-block-group is-content-justification-center is-nowrap is-layout-flex wp-container-core-group-is-layout-23441af8 wp-block-group-is-layout-flex\">\n<div class=\"wp-block-group is-layout-constrained wp-block-group-is-layout-constrained\">\n<div class=\"wp-block-buttons alignfull is-layout-flex wp-block-buttons-is-layout-flex\">\n<div class=\"wp-block-button\"><a class=\"wp-block-button__link wp-element-button\" href=\"https:\/\/psy-acp-rennes.fr\/?page_id=59\">Prendre RDV<\/a><\/div>\n\n\n\n<div class=\"wp-block-button is-style-outline is-style-outline--1\"><a class=\"wp-block-button__link has-ti-fg-color has-text-color wp-element-button\" href=\"https:\/\/psy-acp-rennes.fr\/index.php\/ma-pratique-de-la-psychotherapie-a-rennes-approche-centree-sur-la-personne\/\">Ma pratique<\/a><\/div>\n<\/div>\n<\/div>\n\n\n\n<div class=\"wp-block-buttons alignfull is-layout-flex wp-block-buttons-is-layout-flex\">\n<div class=\"wp-block-button\"><a class=\"wp-block-button__link wp-element-button\" href=\"https:\/\/psy-acp-rennes.fr\/?page_id=59\">Prendre RDV<\/a><\/div>\n\n\n\n<div class=\"wp-block-button is-style-outline is-style-outline--2\"><a class=\"wp-block-button__link has-ti-fg-color has-text-color wp-element-button\" href=\"https:\/\/psy-acp-rennes.fr\/index.php\/ma-pratique-de-la-psychotherapie-a-rennes-approche-centree-sur-la-personne\/\">Ma pratique<\/a><\/div>\n<\/div>\n<\/div>\n<\/div>\n\n\n\n<div class=\"wp-block-group alignwide is-layout-constrained wp-block-group-is-layout-constrained\">\n<div class=\"wp-block-group is-layout-constrained wp-block-group-is-layout-constrained\">\n<div class=\"wp-block-media-text alignwide is-stacked-on-mobile is-vertically-aligned-center is-image-fill-element\" style=\"grid-template-columns:54% auto\"><figure class=\"wp-block-media-text__media\"><img loading=\"lazy\" decoding=\"async\" width=\"684\" height=\"1024\" src=\"http:\/\/psy-acp-rennes.fr\/wp-content\/uploads\/2023\/10\/NEW-SENS-1009016-684x1024.jpg\" alt=\"Josselin Batard, psychopraticien \u00e0 Rennes. Ma photo\" class=\"wp-image-20 size-full\" style=\"object-position:43% 0%\" srcset=\"https:\/\/psy-acp-rennes.fr\/wp-content\/uploads\/2023\/10\/NEW-SENS-1009016-684x1024.jpg 684w, https:\/\/psy-acp-rennes.fr\/wp-content\/uploads\/2023\/10\/NEW-SENS-1009016-200x300.jpg 200w, https:\/\/psy-acp-rennes.fr\/wp-content\/uploads\/2023\/10\/NEW-SENS-1009016-768x1150.jpg 768w, https:\/\/psy-acp-rennes.fr\/wp-content\/uploads\/2023\/10\/NEW-SENS-1009016-1026x1536.jpg 1026w, https:\/\/psy-acp-rennes.fr\/wp-content\/uploads\/2023\/10\/NEW-SENS-1009016.jpg 1181w\" sizes=\"auto, (max-width: 684px) 100vw, 684px\" \/><\/figure><div class=\"wp-block-media-text__content\">\n<h2 class=\"wp-block-heading has-text-color\" style=\"color:#000000;font-size:32px\">Th\u00e9rapeute humaniste form\u00e9 \u00e0 l&#8217;Approche Centr\u00e9e sur la Personne,<\/h2>\n\n\n\n<p class=\"has-text-color\" style=\"color:#000000;font-size:17px\">Ma pratique s\u2019inscrit dans une approche humaniste de la <strong>psychoth\u00e9rapie<\/strong> fond\u00e9e sur l\u2019\u00e9coute, l\u2019empathie et l\u2019authenticit\u00e9. En tant que <strong>psy \u00e0 Rennes<\/strong>, je vous accompagne dans l\u2019exploration de ce que vous vivez, \u00e0 votre rythme, sans jugement ni interpr\u00e9tation. Je vous aide \u00e0 cheminer pour vous sentir mieux et plus apais\u00e9.<\/p>\n\n\n\n<div class=\"wp-block-buttons is-layout-flex wp-block-buttons-is-layout-flex\">\n<div class=\"wp-block-button is-style-fill\"><a class=\"wp-block-button__link has-text-align-center wp-element-button\" href=\"https:\/\/psy-acp-rennes.fr\/?page_id=56\">Qui je suis<\/a><\/div>\n<\/div>\n<\/div><\/div>\n<\/div>\n<\/div>\n\n\n\n<div class=\"wp-block-group is-layout-flow wp-block-group-is-layout-flow\">\n<p class=\"has-large-font-size\" style=\"margin-top:var(--wp--preset--spacing--80)\"><em>&#8220;Une personne, en d\u00e9couvrant qu&#8217;elle est aim\u00e9e pour ce qu\u2019elle est, et non pour ce qu&#8217;elle pr\u00e9tend \u00eatre, sentira qu&#8217;elle m\u00e9rite le respect et l&#8217;amour<\/em>.&#8221;<\/p>\n\n\n\n<p style=\"margin-bottom:var(--wp--preset--spacing--70)\">Carl Rogers<\/p>\n<\/div>\n\n\n\n<div class=\"wp-block-group alignfull has-ti-bg-alt-background-color has-background is-layout-flow wp-container-core-group-is-layout-c5904987 wp-block-group-is-layout-flow\" style=\"margin-top:0px;margin-bottom:0px;padding-top:64px;padding-bottom:64px\">\n<div class=\"wp-block-columns alignwide is-layout-flex wp-container-core-columns-is-layout-28f84493 wp-block-columns-is-layout-flex\">\n<div class=\"wp-block-column is-layout-flow wp-block-column-is-layout-flow\">\n<figure class=\"wp-block-image size-full\"><img loading=\"lazy\" decoding=\"async\" width=\"712\" height=\"536\" src=\"https:\/\/psy-acp-rennes.fr\/wp-content\/uploads\/2023\/10\/love-luce-1-redim.jpg\" alt=\"Photo d'une sculpture symbolisant 2 adultes qui se tournent le dos et \u00e0 l'int\u00e9rieur d'eux, leurs enfants int\u00e9rieurs illumin\u00e9s qui se touchent les mains. \" class=\"wp-image-139\" srcset=\"https:\/\/psy-acp-rennes.fr\/wp-content\/uploads\/2023\/10\/love-luce-1-redim.jpg 712w, https:\/\/psy-acp-rennes.fr\/wp-content\/uploads\/2023\/10\/love-luce-1-redim-300x226.jpg 300w\" sizes=\"auto, (max-width: 712px) 100vw, 712px\" \/><\/figure>\n<\/div>\n\n\n\n<div class=\"wp-block-column is-vertically-aligned-center is-layout-flow wp-block-column-is-layout-flow\">\n<h2 class=\"wp-block-heading\">Pourquoi consulter un psychoth\u00e9rapeute ?<\/h2>\n\n\n\n<p style=\"font-size:17px\">Vous vous sentez mal, en d\u00e9pression, anxieux, ou avec un comportement addictif et vous voulez vous en sortir. Mais seul, vous n&#8217;y arrivez pas. Vous cherchez <strong>l&#8217;aide d&#8217;un psychoth\u00e9rapeute empathique, non jugeant et engag\u00e9<\/strong>. La <strong>psychoth\u00e9rapie<\/strong> offre un espace pour d\u00e9poser ce qui est l\u00e0 et mieux vous comprendre.<\/p>\n\n\n\n<div class=\"wp-block-buttons is-layout-flex wp-block-buttons-is-layout-flex\">\n<div class=\"wp-block-button is-style-outline is-style-outline--4\"><a class=\"wp-block-button__link wp-element-button\" href=\"https:\/\/psy-acp-rennes.fr\/index.php\/pourquoi-consulter-un-therapeute\/\">En savoir plus<\/a><\/div>\n<\/div>\n<\/div>\n<\/div>\n<\/div>\n\n\n\n<div class=\"wp-block-group is-content-justification-left is-layout-constrained wp-container-core-group-is-layout-ad4d3ed9 wp-block-group-is-layout-constrained\" style=\"padding-top:var(--wp--preset--spacing--60)\">\n<figure class=\"wp-block-image size-large\"><img loading=\"lazy\" decoding=\"async\" width=\"1024\" height=\"576\" src=\"http:\/\/psy-acp-rennes.fr\/wp-content\/uploads\/2026\/01\/Cabinet-Rennes-1024x576.jpg\" alt=\"Cabinet de psychoth\u00e9rapie \u00e0 Rennes\" class=\"wp-image-325\" srcset=\"https:\/\/psy-acp-rennes.fr\/wp-content\/uploads\/2026\/01\/Cabinet-Rennes-1024x576.jpg 1024w, https:\/\/psy-acp-rennes.fr\/wp-content\/uploads\/2026\/01\/Cabinet-Rennes-300x169.jpg 300w, https:\/\/psy-acp-rennes.fr\/wp-content\/uploads\/2026\/01\/Cabinet-Rennes-768x432.jpg 768w, https:\/\/psy-acp-rennes.fr\/wp-content\/uploads\/2026\/01\/Cabinet-Rennes-1536x864.jpg 1536w, https:\/\/psy-acp-rennes.fr\/wp-content\/uploads\/2026\/01\/Cabinet-Rennes-2048x1152.jpg 2048w\" sizes=\"auto, (max-width: 1024px) 100vw, 1024px\" \/><\/figure>\n<\/div>\n\n\n\n<h2 class=\"wp-block-heading\">Prendre rendez-vous avec un psy \u00e0 Rennes<\/h2>\n\n\n\n<p>Si vous souhaitez d\u00e9buter une <strong>psychoth\u00e9rapie avec un psy \u00e0 Rennes<\/strong>, vous pouvez me contacter pour un premier \u00e9change.<\/p>\n\n\n\n<div class=\"wp-block-buttons is-content-justification-center is-layout-flex wp-container-core-buttons-is-layout-9f3cbd57 wp-block-buttons-is-layout-flex\" style=\"margin-top:0;margin-bottom:var(--wp--preset--spacing--70)\">\n<div class=\"wp-block-button\"><a class=\"wp-block-button__link wp-element-button\" href=\"https:\/\/www.psychologue.net\/cabinets\/josselin-batard\" target=\"_blank\" rel=\"noreferrer noopener\">Prendre RDV<\/a><\/div>\n\n\n\n<div class=\"wp-block-button is-style-outline is-style-outline--5\"><a class=\"wp-block-button__link has-ti-fg-color has-text-color wp-element-button\" href=\"https:\/\/psy-acp-rennes.fr\/?page_id=59\">M&#8217;appeler<\/a><\/div>\n<\/div>\n\n\n\n<p><\/p>\n","protected":false},"excerpt":{"rendered":"<p>Vous chercher un psychoth\u00e9rapeute \u00e0 Rennes ? Bonjour et bienvenue. Je m&#8217;appelle Josselin Batard et je vous propose de vous accompagner en psychoth\u00e9rapie. Je propose un accompagnement en psychoth\u00e9rapie centr\u00e9e sur la personne (ACP), dans un cadre confidentiel, bienveillant et respectueux de votre personne.J\u2019accompagne des adultes et adolescents qui traversent une p\u00e9riode de mal-\u00eatre, de [&hellip;]<\/p>\n","protected":false},"author":1,"featured_media":0,"parent":0,"menu_order":0,"comment_status":"closed","ping_status":"closed","template":"","meta":{"footnotes":""},"class_list":["post-30","page","type-page","status-publish","hentry"],"yoast_head":"<!-- This site is optimized with the Yoast SEO plugin v26.8 - https:\/\/yoast.com\/product\/yoast-seo-wordpress\/ -->\n<title>Psychoth\u00e9rapie \u00e0 Rennes - Josselin batard. Therapeute humaniste<\/title>\n<meta name=\"description\" content=\"Psychoth\u00e9rapeute \u00e0 Rennes en Approche Centr\u00e9e sur la Personne. Cabinet \u00e0 Rennes, accompagnement bienveillant pour adultes et adolescents en difficult\u00e9 personnelle ou relationnelle.\" \/>\n<meta name=\"robots\" content=\"index, follow, max-snippet:-1, max-image-preview:large, max-video-preview:-1\" \/>\n<link rel=\"canonical\" href=\"https:\/\/psy-acp-rennes.fr\/\" \/>\n<meta property=\"og:locale\" content=\"en_US\" \/>\n<meta property=\"og:type\" content=\"article\" \/>\n<meta property=\"og:title\" content=\"Psychoth\u00e9rapie \u00e0 Rennes - Josselin batard. Therapeute humaniste\" \/>\n<meta property=\"og:description\" content=\"Psychoth\u00e9rapeute \u00e0 Rennes en Approche Centr\u00e9e sur la Personne. Cabinet \u00e0 Rennes, accompagnement bienveillant pour adultes et adolescents en difficult\u00e9 personnelle ou relationnelle.\" \/>\n<meta property=\"og:url\" content=\"https:\/\/psy-acp-rennes.fr\/\" \/>\n<meta property=\"og:site_name\" content=\"Josselin batard. Therapeute humaniste\" \/>\n<meta property=\"article:modified_time\" content=\"2026-01-24T17:23:55+00:00\" \/>\n<meta property=\"og:image\" content=\"https:\/\/psy-acp-rennes.fr\/wp-content\/uploads\/2023\/10\/NEW-SENS-1009016.jpg\" \/>\n\t<meta property=\"og:image:width\" content=\"1181\" \/>\n\t<meta property=\"og:image:height\" content=\"1768\" \/>\n\t<meta property=\"og:image:type\" content=\"image\/jpeg\" \/>\n<meta name=\"twitter:card\" content=\"summary_large_image\" \/>\n<meta name=\"twitter:label1\" content=\"Est. reading time\" \/>\n\t<meta name=\"twitter:data1\" content=\"2 minutes\" \/>\n<script type=\"application\/ld+json\" class=\"yoast-schema-graph\">{\"@context\":\"https:\/\/schema.org\",\"@graph\":[{\"@type\":\"WebPage\",\"@id\":\"https:\/\/psy-acp-rennes.fr\/\",\"url\":\"https:\/\/psy-acp-rennes.fr\/\",\"name\":\"Psychoth\u00e9rapie \u00e0 Rennes - Josselin batard. Therapeute humaniste\",\"isPartOf\":{\"@id\":\"https:\/\/psy-acp-rennes.fr\/#website\"},\"primaryImageOfPage\":{\"@id\":\"https:\/\/psy-acp-rennes.fr\/#primaryimage\"},\"image\":{\"@id\":\"https:\/\/psy-acp-rennes.fr\/#primaryimage\"},\"thumbnailUrl\":\"http:\/\/psy-acp-rennes.fr\/wp-content\/uploads\/2023\/10\/NEW-SENS-1009016-684x1024.jpg\",\"datePublished\":\"2023-10-19T10:37:33+00:00\",\"dateModified\":\"2026-01-24T17:23:55+00:00\",\"description\":\"Psychoth\u00e9rapeute \u00e0 Rennes en Approche Centr\u00e9e sur la Personne. Cabinet \u00e0 Rennes, accompagnement bienveillant pour adultes et adolescents en difficult\u00e9 personnelle ou relationnelle.\",\"breadcrumb\":{\"@id\":\"https:\/\/psy-acp-rennes.fr\/#breadcrumb\"},\"inLanguage\":\"en-US\",\"potentialAction\":[{\"@type\":\"ReadAction\",\"target\":[\"https:\/\/psy-acp-rennes.fr\/\"]}]},{\"@type\":\"ImageObject\",\"inLanguage\":\"en-US\",\"@id\":\"https:\/\/psy-acp-rennes.fr\/#primaryimage\",\"url\":\"https:\/\/psy-acp-rennes.fr\/wp-content\/uploads\/2023\/10\/NEW-SENS-1009016.jpg\",\"contentUrl\":\"https:\/\/psy-acp-rennes.fr\/wp-content\/uploads\/2023\/10\/NEW-SENS-1009016.jpg\",\"width\":1181,\"height\":1768},{\"@type\":\"BreadcrumbList\",\"@id\":\"https:\/\/psy-acp-rennes.fr\/#breadcrumb\",\"itemListElement\":[{\"@type\":\"ListItem\",\"position\":1,\"name\":\"Home\",\"item\":\"https:\/\/psy-acp-rennes.fr\/\"},{\"@type\":\"ListItem\",\"position\":2,\"name\":\"Psychoth\u00e9rapie \u00e0 Rennes\"}]},{\"@type\":\"WebSite\",\"@id\":\"https:\/\/psy-acp-rennes.fr\/#website\",\"url\":\"https:\/\/psy-acp-rennes.fr\/\",\"name\":\"Josselin batard. Psychoth\u00e9rapie humaniste \u00e0 Rennes\",\"description\":\"Un site utilisant WordPress\",\"publisher\":{\"@id\":\"https:\/\/psy-acp-rennes.fr\/#organization\"},\"potentialAction\":[{\"@type\":\"SearchAction\",\"target\":{\"@type\":\"EntryPoint\",\"urlTemplate\":\"https:\/\/psy-acp-rennes.fr\/?s={search_term_string}\"},\"query-input\":{\"@type\":\"PropertyValueSpecification\",\"valueRequired\":true,\"valueName\":\"search_term_string\"}}],\"inLanguage\":\"en-US\"},{\"@type\":\"Organization\",\"@id\":\"https:\/\/psy-acp-rennes.fr\/#organization\",\"name\":\"Josselin batard. Psychoth\u00e9rapie humaniste \u00e0 Rennes\",\"url\":\"https:\/\/psy-acp-rennes.fr\/\",\"logo\":{\"@type\":\"ImageObject\",\"inLanguage\":\"en-US\",\"@id\":\"https:\/\/psy-acp-rennes.fr\/#\/schema\/logo\/image\/\",\"url\":\"https:\/\/psy-acp-rennes.fr\/wp-content\/uploads\/2023\/10\/NEW-SENS-1009013-carre.jpg\",\"contentUrl\":\"https:\/\/psy-acp-rennes.fr\/wp-content\/uploads\/2023\/10\/NEW-SENS-1009013-carre.jpg\",\"width\":1180,\"height\":1086,\"caption\":\"Josselin batard. Psychoth\u00e9rapie humaniste \u00e0 Rennes\"},\"image\":{\"@id\":\"https:\/\/psy-acp-rennes.fr\/#\/schema\/logo\/image\/\"}}]}<\/script>\n<!-- \/ Yoast SEO plugin. -->","yoast_head_json":{"title":"Psychoth\u00e9rapie \u00e0 Rennes - Josselin batard. Therapeute humaniste","description":"Psychoth\u00e9rapeute \u00e0 Rennes en Approche Centr\u00e9e sur la Personne. Cabinet \u00e0 Rennes, accompagnement bienveillant pour adultes et adolescents en difficult\u00e9 personnelle ou relationnelle.","robots":{"index":"index","follow":"follow","max-snippet":"max-snippet:-1","max-image-preview":"max-image-preview:large","max-video-preview":"max-video-preview:-1"},"canonical":"https:\/\/psy-acp-rennes.fr\/","og_locale":"en_US","og_type":"article","og_title":"Psychoth\u00e9rapie \u00e0 Rennes - Josselin batard. Therapeute humaniste","og_description":"Psychoth\u00e9rapeute \u00e0 Rennes en Approche Centr\u00e9e sur la Personne. Cabinet \u00e0 Rennes, accompagnement bienveillant pour adultes et adolescents en difficult\u00e9 personnelle ou relationnelle.","og_url":"https:\/\/psy-acp-rennes.fr\/","og_site_name":"Josselin batard. Therapeute humaniste","article_modified_time":"2026-01-24T17:23:55+00:00","og_image":[{"width":1181,"height":1768,"url":"https:\/\/psy-acp-rennes.fr\/wp-content\/uploads\/2023\/10\/NEW-SENS-1009016.jpg","type":"image\/jpeg"}],"twitter_card":"summary_large_image","twitter_misc":{"Est. reading time":"2 minutes"},"schema":{"@context":"https:\/\/schema.org","@graph":[{"@type":"WebPage","@id":"https:\/\/psy-acp-rennes.fr\/","url":"https:\/\/psy-acp-rennes.fr\/","name":"Psychoth\u00e9rapie \u00e0 Rennes - Josselin batard. Therapeute humaniste","isPartOf":{"@id":"https:\/\/psy-acp-rennes.fr\/#website"},"primaryImageOfPage":{"@id":"https:\/\/psy-acp-rennes.fr\/#primaryimage"},"image":{"@id":"https:\/\/psy-acp-rennes.fr\/#primaryimage"},"thumbnailUrl":"http:\/\/psy-acp-rennes.fr\/wp-content\/uploads\/2023\/10\/NEW-SENS-1009016-684x1024.jpg","datePublished":"2023-10-19T10:37:33+00:00","dateModified":"2026-01-24T17:23:55+00:00","description":"Psychoth\u00e9rapeute \u00e0 Rennes en Approche Centr\u00e9e sur la Personne. Cabinet \u00e0 Rennes, accompagnement bienveillant pour adultes et adolescents en difficult\u00e9 personnelle ou relationnelle.","breadcrumb":{"@id":"https:\/\/psy-acp-rennes.fr\/#breadcrumb"},"inLanguage":"en-US","potentialAction":[{"@type":"ReadAction","target":["https:\/\/psy-acp-rennes.fr\/"]}]},{"@type":"ImageObject","inLanguage":"en-US","@id":"https:\/\/psy-acp-rennes.fr\/#primaryimage","url":"https:\/\/psy-acp-rennes.fr\/wp-content\/uploads\/2023\/10\/NEW-SENS-1009016.jpg","contentUrl":"https:\/\/psy-acp-rennes.fr\/wp-content\/uploads\/2023\/10\/NEW-SENS-1009016.jpg","width":1181,"height":1768},{"@type":"BreadcrumbList","@id":"https:\/\/psy-acp-rennes.fr\/#breadcrumb","itemListElement":[{"@type":"ListItem","position":1,"name":"Home","item":"https:\/\/psy-acp-rennes.fr\/"},{"@type":"ListItem","position":2,"name":"Psychoth\u00e9rapie \u00e0 Rennes"}]},{"@type":"WebSite","@id":"https:\/\/psy-acp-rennes.fr\/#website","url":"https:\/\/psy-acp-rennes.fr\/","name":"Josselin batard. Psychoth\u00e9rapie humaniste \u00e0 Rennes","description":"Un site utilisant WordPress","publisher":{"@id":"https:\/\/psy-acp-rennes.fr\/#organization"},"potentialAction":[{"@type":"SearchAction","target":{"@type":"EntryPoint","urlTemplate":"https:\/\/psy-acp-rennes.fr\/?s={search_term_string}"},"query-input":{"@type":"PropertyValueSpecification","valueRequired":true,"valueName":"search_term_string"}}],"inLanguage":"en-US"},{"@type":"Organization","@id":"https:\/\/psy-acp-rennes.fr\/#organization","name":"Josselin batard. Psychoth\u00e9rapie humaniste \u00e0 Rennes","url":"https:\/\/psy-acp-rennes.fr\/","logo":{"@type":"ImageObject","inLanguage":"en-US","@id":"https:\/\/psy-acp-rennes.fr\/#\/schema\/logo\/image\/","url":"https:\/\/psy-acp-rennes.fr\/wp-content\/uploads\/2023\/10\/NEW-SENS-1009013-carre.jpg","contentUrl":"https:\/\/psy-acp-rennes.fr\/wp-content\/uploads\/2023\/10\/NEW-SENS-1009013-carre.jpg","width":1180,"height":1086,"caption":"Josselin batard. Psychoth\u00e9rapie humaniste \u00e0 Rennes"},"image":{"@id":"https:\/\/psy-acp-rennes.fr\/#\/schema\/logo\/image\/"}}]}},"_links":{"self":[{"href":"https:\/\/psy-acp-rennes.fr\/index.php\/wp-json\/wp\/v2\/pages\/30","targetHints":{"allow":["GET"]}}],"collection":[{"href":"https:\/\/psy-acp-rennes.fr\/index.php\/wp-json\/wp\/v2\/pages"}],"about":[{"href":"https:\/\/psy-acp-rennes.fr\/index.php\/wp-json\/wp\/v2\/types\/page"}],"author":[{"embeddable":true,"href":"https:\/\/psy-acp-rennes.fr\/index.php\/wp-json\/wp\/v2\/users\/1"}],"replies":[{"embeddable":true,"href":"https:\/\/psy-acp-rennes.fr\/index.php\/wp-json\/wp\/v2\/comments?post=30"}],"version-history":[{"count":22,"href":"https:\/\/psy-acp-rennes.fr\/index.php\/wp-json\/wp\/v2\/pages\/30\/revisions"}],"predecessor-version":[{"id":367,"href":"https:\/\/psy-acp-rennes.fr\/index.php\/wp-json\/wp\/v2\/pages\/30\/revisions\/367"}],"wp:attachment":[{"href":"https:\/\/psy-acp-rennes.fr\/index.php\/wp-json\/wp\/v2\/media?parent=30"}],"curies":[{"name":"wp","href":"https:\/\/api.w.org\/{rel}","templated":true}]}}